{"id":58945,"date":"2017-05-17T11:00:39","date_gmt":"2017-05-17T09:00:39","guid":{"rendered":"https:\/\/undsgn.com\/uncode\/?page_id=58945"},"modified":"2017-08-10T14:43:53","modified_gmt":"2017-08-10T12:43:53","slug":"portfolio-bureau","status":"publish","type":"page","link":"https:\/\/secretparisien.com\/en\/portfolio-bureau\/","title":{"rendered":"Portfolio B\u00fcreau"},"content":{"rendered":"<div class=\"wpb-content-wrapper\"><p>[vc_row unlock_row_content=&#8221;yes&#8221; row_height_percent=&#8221;0&#8243; override_padding=&#8221;yes&#8221; h_padding=&#8221;3&#8243; top_padding=&#8221;0&#8243; bottom_padding=&#8221;0&#8243; overlay_alpha=&#8221;50&#8243; gutter_size=&#8221;4&#8243; column_width_percent=&#8221;100&#8243; shift_y=&#8221;0&#8243; z_index=&#8221;0&#8243;][vc_column column_width_percent=&#8221;100&#8243; overlay_alpha=&#8221;50&#8243; gutter_size=&#8221;3&#8243; medium_width=&#8221;0&#8243; mobile_width=&#8221;0&#8243; shift_x=&#8221;0&#8243; shift_y=&#8221;-5&#8243; shift_y_down=&#8221;0&#8243; z_index=&#8221;0&#8243; width=&#8221;7\/12&#8243;][uncode_index el_id=&#8221;index-133104&#8243; loop=&#8221;size:1|order_by:modified|post_type:guide|tax_query:1394&#8243; gutter_size=&#8221;3&#8243; portfolio_items=&#8221;title,media|featured|onpost|original&#8221; screen_lg=&#8221;1000&#8243; screen_md=&#8221;600&#8243; screen_sm=&#8221;480&#8243; single_text=&#8221;overlay&#8221; single_width=&#8221;12&#8243; images_size=&#8221;four-three&#8221; single_overlay_opacity=&#8221;50&#8243; single_image_anim=&#8221;no&#8221; single_h_align=&#8221;center&#8221; single_padding=&#8221;2&#8243; single_title_dimension=&#8221;h1&#8243; single_title_space=&#8221;fontspace-781688&#8243; single_border=&#8221;yes&#8221; single_css_animation=&#8221;bottom-t-top&#8221; single_animation_delay=&#8221;600&#8243;][\/vc_column][vc_column column_width_percent=&#8221;100&#8243; position_vertical=&#8221;bottom&#8221; overlay_alpha=&#8221;50&#8243; gutter_size=&#8221;3&#8243; medium_width=&#8221;0&#8243; mobile_width=&#8221;0&#8243; shift_x=&#8221;0&#8243; shift_y=&#8221;0&#8243; shift_y_down=&#8221;0&#8243; z_index=&#8221;0&#8243; width=&#8221;5\/12&#8243;][uncode_index el_id=&#8221;index-133104&#8243; loop=&#8221;size:1|order_by:date|post_type:guide|tax_query:1393&#8243; gutter_size=&#8221;3&#8243; portfolio_items=&#8221;title,media|featured|onpost|original&#8221; screen_lg=&#8221;1000&#8243; screen_md=&#8221;600&#8243; screen_sm=&#8221;480&#8243; single_text=&#8221;overlay&#8221; single_width=&#8221;12&#8243; images_size=&#8221;three-two&#8221; single_overlay_opacity=&#8221;50&#8243; single_image_anim=&#8221;no&#8221; single_h_align=&#8221;center&#8221; single_padding=&#8221;2&#8243; single_title_dimension=&#8221;h2&#8243; single_title_space=&#8221;fontspace-781688&#8243; single_border=&#8221;yes&#8221; single_css_animation=&#8221;bottom-t-top&#8221; single_animation_delay=&#8221;200&#8243; offset=&#8221;1&#8243;][\/vc_column][\/vc_row][vc_row unlock_row_content=&#8221;yes&#8221; row_height_percent=&#8221;0&#8243; override_padding=&#8221;yes&#8221; h_padding=&#8221;5&#8243; top_padding=&#8221;2&#8243; bottom_padding=&#8221;0&#8243; overlay_alpha=&#8221;50&#8243; gutter_size=&#8221;3&#8243; column_width_percent=&#8221;100&#8243; shift_y=&#8221;0&#8243; z_index=&#8221;0&#8243;][vc_column column_width_percent=&#8221;100&#8243; override_padding=&#8221;yes&#8221; column_padding=&#8221;4&#8243; style=&#8221;light&#8221; back_color=&#8221;color-jevc&#8221; overlay_alpha=&#8221;50&#8243; gutter_size=&#8221;3&#8243; medium_width=&#8221;0&#8243; mobile_width=&#8221;0&#8243; shift_x=&#8221;5&#8243; shift_y=&#8221;-5&#8243; shift_y_down=&#8221;0&#8243; z_index=&#8221;2&#8243; width=&#8221;5\/12&#8243;][vc_custom_heading heading_semantic=&#8221;p&#8221; text_space=&#8221;fontspace-781688&#8243; text_weight=&#8221;600&#8243; text_color=&#8221;color-prif&#8221; sub_lead=&#8221;yes&#8221;]Vous trouvez une s\u00e9lection des meilleurs Centres d&#8217;Art, H\u00f4tels, Restaurants, Caf\u00e9s, Bar, Salons de Th\u00e9s, Traiteur, \u00e9piceries et m\u00eame des artisans fleuristes&#8230;[\/vc_custom_heading][\/vc_column][vc_column column_width_percent=&#8221;100&#8243; overlay_alpha=&#8221;50&#8243; gutter_size=&#8221;3&#8243; medium_width=&#8221;0&#8243; mobile_width=&#8221;0&#8243; shift_x=&#8221;-5&#8243; shift_y=&#8221;0&#8243; shift_y_down=&#8221;0&#8243; z_index=&#8221;0&#8243; width=&#8221;7\/12&#8243;][uncode_index el_id=&#8221;index-133104&#8243; loop=&#8221;size:1|order_by:date|post_type:guide|tax_query:1389&#8243; gutter_size=&#8221;3&#8243; portfolio_items=&#8221;title,media|featured|onpost|original&#8221; screen_lg=&#8221;1000&#8243; screen_md=&#8221;600&#8243; screen_sm=&#8221;480&#8243; single_text=&#8221;overlay&#8221; single_width=&#8221;12&#8243; images_size=&#8221;four-three&#8221; single_overlay_opacity=&#8221;50&#8243; single_image_anim=&#8221;no&#8221; single_h_align=&#8221;center&#8221; single_padding=&#8221;2&#8243; single_title_dimension=&#8221;h1&#8243; single_title_space=&#8221;fontspace-781688&#8243; single_border=&#8221;yes&#8221; single_css_animation=&#8221;bottom-t-top&#8221; single_animation_speed=&#8221;200&#8243; single_animation_delay=&#8221;600&#8243; offset=&#8221;2&#8243;][\/vc_column][\/vc_row][vc_row unlock_row_content=&#8221;yes&#8221; row_height_percent=&#8221;0&#8243; override_padding=&#8221;yes&#8221; h_padding=&#8221;4&#8243; top_padding=&#8221;2&#8243; bottom_padding=&#8221;0&#8243; overlay_alpha=&#8221;50&#8243; gutter_size=&#8221;4&#8243; column_width_percent=&#8221;100&#8243; shift_y=&#8221;0&#8243; z_index=&#8221;0&#8243;][vc_column column_width_percent=&#8221;100&#8243; overlay_alpha=&#8221;50&#8243; gutter_size=&#8221;3&#8243; medium_width=&#8221;0&#8243; mobile_width=&#8221;0&#8243; shift_x=&#8221;0&#8243; shift_y=&#8221;-5&#8243; shift_y_down=&#8221;-3&#8243; z_index=&#8221;0&#8243; width=&#8221;5\/12&#8243;][uncode_index el_id=&#8221;index-133104&#8243; loop=&#8221;size:1|order_by:date|post_type:guide|tax_query:1400&#8243; gutter_size=&#8221;3&#8243; portfolio_items=&#8221;title,media|featured|onpost|original&#8221; screen_lg=&#8221;1000&#8243; screen_md=&#8221;600&#8243; screen_sm=&#8221;480&#8243; single_text=&#8221;overlay&#8221; single_width=&#8221;12&#8243; images_size=&#8221;three-two&#8221; single_overlay_opacity=&#8221;50&#8243; single_image_anim=&#8221;no&#8221; single_h_align=&#8221;center&#8221; single_padding=&#8221;2&#8243; single_title_dimension=&#8221;h2&#8243; single_title_space=&#8221;fontspace-781688&#8243; single_border=&#8221;yes&#8221; single_css_animation=&#8221;bottom-t-top&#8221; single_animation_speed=&#8221;200&#8243; single_animation_delay=&#8221;600&#8243; offset=&#8221;3&#8243;][\/vc_column][vc_column column_width_percent=&#8221;100&#8243; overlay_alpha=&#8221;50&#8243; gutter_size=&#8221;3&#8243; medium_width=&#8221;0&#8243; mobile_width=&#8221;0&#8243; shift_x=&#8221;0&#8243; shift_y=&#8221;0&#8243; shift_y_down=&#8221;0&#8243; z_index=&#8221;0&#8243; width=&#8221;7\/12&#8243;][uncode_index el_id=&#8221;index-133104&#8243; loop=&#8221;size:1|order_by:date|post_type:guide|tax_query:1395&#8243; gutter_size=&#8221;3&#8243; portfolio_items=&#8221;title,media|featured|onpost|original&#8221; screen_lg=&#8221;1000&#8243; screen_md=&#8221;600&#8243; screen_sm=&#8221;480&#8243; single_text=&#8221;overlay&#8221; single_width=&#8221;12&#8243; images_size=&#8221;three-two&#8221; single_overlay_opacity=&#8221;50&#8243; single_image_anim=&#8221;no&#8221; single_h_align=&#8221;center&#8221; single_padding=&#8221;2&#8243; single_title_dimension=&#8221;h1&#8243; single_title_space=&#8221;fontspace-781688&#8243; single_border=&#8221;yes&#8221; single_css_animation=&#8221;bottom-t-top&#8221; single_animation_delay=&#8221;200&#8243; offset=&#8221;4&#8243;][\/vc_column][\/vc_row][vc_row row_height_percent=&#8221;0&#8243; override_padding=&#8221;yes&#8221; h_padding=&#8221;2&#8243; top_padding=&#8221;2&#8243; bottom_padding=&#8221;0&#8243; overlay_alpha=&#8221;50&#8243; gutter_size=&#8221;3&#8243; column_width_percent=&#8221;100&#8243; shift_y=&#8221;0&#8243; z_index=&#8221;0&#8243;][vc_column column_width_percent=&#8221;100&#8243; overlay_alpha=&#8221;50&#8243; gutter_size=&#8221;3&#8243; medium_width=&#8221;0&#8243; mobile_width=&#8221;0&#8243; shift_x=&#8221;0&#8243; shift_y=&#8221;-5&#8243; shift_y_down=&#8221;0&#8243; z_index=&#8221;0&#8243; width=&#8221;7\/12&#8243;][uncode_index el_id=&#8221;index-133104&#8243; loop=&#8221;size:1|order_by:date|post_type:guide|tax_query:1396&#8243; gutter_size=&#8221;3&#8243; portfolio_items=&#8221;title,media|featured|onpost|original&#8221; screen_lg=&#8221;1000&#8243; screen_md=&#8221;600&#8243; screen_sm=&#8221;480&#8243; single_text=&#8221;overlay&#8221; single_width=&#8221;12&#8243; images_size=&#8221;three-two&#8221; single_overlay_opacity=&#8221;50&#8243; single_image_anim=&#8221;no&#8221; single_h_align=&#8221;center&#8221; single_padding=&#8221;2&#8243; single_title_dimension=&#8221;h2&#8243; single_title_space=&#8221;fontspace-781688&#8243; single_border=&#8221;yes&#8221; single_css_animation=&#8221;bottom-t-top&#8221; single_animation_speed=&#8221;200&#8243; single_animation_delay=&#8221;600&#8243; offset=&#8221;5&#8243;][\/vc_column][vc_column column_width_percent=&#8221;100&#8243; override_padding=&#8221;yes&#8221; column_padding=&#8221;4&#8243; back_color=&#8221;accent&#8221; overlay_alpha=&#8221;50&#8243; gutter_size=&#8221;3&#8243; medium_width=&#8221;0&#8243; mobile_width=&#8221;0&#8243; shift_x=&#8221;-5&#8243; shift_y=&#8221;0&#8243; shift_y_down=&#8221;0&#8243; z_index=&#8221;1&#8243; width=&#8221;5\/12&#8243;][vc_separator sep_color=&#8221;color-prif&#8221; el_height=&#8221;5px&#8221;][vc_custom_heading heading_semantic=&#8221;p&#8221; text_space=&#8221;fontspace-781688&#8243; text_weight=&#8221;600&#8243; text_color=&#8221;color-prif&#8221; sub_lead=&#8221;yes&#8221;]LE CITY GUIDE PARISIEN[\/vc_custom_heading][\/vc_column][\/vc_row][vc_row unlock_row_content=&#8221;yes&#8221; row_height_percent=&#8221;0&#8243; override_padding=&#8221;yes&#8221; h_padding=&#8221;2&#8243; top_padding=&#8221;2&#8243; bottom_padding=&#8221;2&#8243; overlay_alpha=&#8221;50&#8243; gutter_size=&#8221;3&#8243; column_width_percent=&#8221;100&#8243; shift_y=&#8221;0&#8243; z_index=&#8221;1&#8243;][vc_column column_width_use_pixel=&#8221;yes&#8221; overlay_alpha=&#8221;50&#8243; gutter_size=&#8221;3&#8243; medium_width=&#8221;0&#8243; mobile_width=&#8221;0&#8243; shift_x=&#8221;0&#8243; shift_y=&#8221;0&#8243; shift_y_down=&#8221;0&#8243; z_index=&#8221;0&#8243; width=&#8221;1\/1&#8243; column_width_pixel=&#8221;1300&#8243;][uncode_index el_id=&#8221;index-133104&#8243; isotope_mode=&#8221;cellsByRow&#8221; loop=&#8221;size:6|order_by:rand|post_type:guide&#8221; gutter_size=&#8221;3&#8243; portfolio_items=&#8221;title,media|featured|onpost|original&#8221; screen_lg=&#8221;1000&#8243; screen_md=&#8221;600&#8243; screen_sm=&#8221;480&#8243; single_text=&#8221;overlay&#8221; images_size=&#8221;three-two&#8221; single_overlay_opacity=&#8221;50&#8243; single_image_anim=&#8221;no&#8221; single_h_align=&#8221;center&#8221; single_padding=&#8221;2&#8243; single_title_dimension=&#8221;h4&#8243; single_title_space=&#8221;fontspace-781688&#8243; single_border=&#8221;yes&#8221; single_css_animation=&#8221;bottom-t-top&#8221; single_animation_delay=&#8221;200&#8243; post_matrix=&#8221;matrix&#8221; matrix_amount=&#8221;6&#8243; offset=&#8221;6&#8243; matrix_items=&#8221;eyIwX2kiOnsiaW1hZ2VzX3NpemUiOiJmb3VyLXRocmVlIn0sIjJfaSI6eyJpbWFnZXNfc2l6ZSI6ImZvdXItdGhyZWUifSwiNF9pIjp7ImltYWdlc19zaXplIjoiZm91ci10aHJlZSJ9fQ==&#8221;][\/vc_column][\/vc_row]<\/p>\n<\/div>","protected":false},"excerpt":{"rendered":"<p>[vc_row unlock_row_content=&#8221;yes&#8221; row_height_percent=&#8221;0&#8243; override_padding=&#8221;yes&#8221; h_padding=&#8221;3&#8243; top_padding=&#8221;0&#8243; bottom_padding=&#8221;0&#8243; overlay_alpha=&#8221;50&#8243; gutter_size=&#8221;4&#8243; column_width_percent=&#8221;100&#8243; shift_y=&#8221;0&#8243; z_index=&#8221;0&#8243;][vc_column column_width_percent=&#8221;100&#8243; overlay_alpha=&#8221;50&#8243; gutter_size=&#8221;3&#8243; medium_width=&#8221;0&#8243; mobile_width=&#8221;0&#8243; shift_x=&#8221;0&#8243; shift_y=&#8221;-5&#8243; shift_y_down=&#8221;0&#8243; [&hellip;]<\/p>\n","protected":false},"author":1,"featured_media":65084,"parent":0,"menu_order":0,"comment_status":"closed","ping_status":"closed","template":"","meta":{"footnotes":""},"class_list":["post-58945","page","type-page","status-publish","has-post-thumbnail","hentry","page_category-portfolio","page_category-new"],"yoast_head":"<!-- This site is optimized with the Yoast SEO plugin v24.8 - https:\/\/yoast.com\/wordpress\/plugins\/seo\/ -->\n<title>Portfolio B\u00fcreau | SECRET PARISIEN<\/title>\n<meta name=\"robots\" content=\"index, follow, max-snippet:-1, max-image-preview:large, max-video-preview:-1\" \/>\n<link rel=\"canonical\" href=\"https:\/\/secretparisien.com\/en\/portfolio-bureau\/\" \/>\n<meta property=\"og:locale\" content=\"en_GB\" \/>\n<meta property=\"og:locale:alternate\" content=\"fr_FR\" \/>\n<meta property=\"og:type\" content=\"article\" \/>\n<meta property=\"og:title\" content=\"Portfolio B\u00fcreau | SECRET PARISIEN\" \/>\n<meta property=\"og:description\" content=\"[vc_row unlock_row_content=&#8221;yes&#8221; row_height_percent=&#8221;0&#8243; override_padding=&#8221;yes&#8221; h_padding=&#8221;3&#8243; top_padding=&#8221;0&#8243; bottom_padding=&#8221;0&#8243; overlay_alpha=&#8221;50&#8243; gutter_size=&#8221;4&#8243; column_width_percent=&#8221;100&#8243; shift_y=&#8221;0&#8243; z_index=&#8221;0&#8243;][vc_column column_width_percent=&#8221;100&#8243; overlay_alpha=&#8221;50&#8243; gutter_size=&#8221;3&#8243; medium_width=&#8221;0&#8243; mobile_width=&#8221;0&#8243; shift_x=&#8221;0&#8243; shift_y=&#8221;-5&#8243; shift_y_down=&#8221;0&#8243; [&hellip;]\" \/>\n<meta property=\"og:url\" content=\"https:\/\/secretparisien.com\/en\/portfolio-bureau\/\" \/>\n<meta property=\"og:site_name\" content=\"SECRET PARISIEN\" \/>\n<meta property=\"article:publisher\" content=\"https:\/\/www.facebook.com\/secretparisien\/\" \/>\n<meta property=\"article:modified_time\" content=\"2017-08-10T12:43:53+00:00\" \/>\n<meta property=\"og:image\" content=\"https:\/\/secretparisien.com\/wp-content\/uploads\/2017\/07\/demo-content-homepage-Portfolio-Bureau-Uncode.jpg\" \/>\n\t<meta property=\"og:image:width\" content=\"3292\" \/>\n\t<meta property=\"og:image:height\" content=\"2196\" \/>\n\t<meta property=\"og:image:type\" content=\"image\/jpeg\" \/>\n<meta name=\"twitter:card\" content=\"summary_large_image\" \/>\n<meta name=\"twitter:site\" content=\"@secret_parisien\" \/>\n<meta name=\"twitter:label1\" content=\"Estimated reading time\" \/>\n\t<meta name=\"twitter:data1\" content=\"5 minutes\" \/>\n<script type=\"application\/ld+json\" class=\"yoast-schema-graph\">{\"@context\":\"https:\/\/schema.org\",\"@graph\":[{\"@type\":\"WebPage\",\"@id\":\"https:\/\/secretparisien.com\/portfolio-bureau\/\",\"url\":\"https:\/\/secretparisien.com\/portfolio-bureau\/\",\"name\":\"Portfolio B\u00fcreau | SECRET PARISIEN\",\"isPartOf\":{\"@id\":\"https:\/\/secretparisien.com\/en\/#website\"},\"primaryImageOfPage\":{\"@id\":\"https:\/\/secretparisien.com\/portfolio-bureau\/#primaryimage\"},\"image\":{\"@id\":\"https:\/\/secretparisien.com\/portfolio-bureau\/#primaryimage\"},\"thumbnailUrl\":\"https:\/\/secretparisien.com\/wp-content\/uploads\/2017\/07\/demo-content-homepage-Portfolio-Bureau-Uncode.jpg\",\"datePublished\":\"2017-05-17T09:00:39+00:00\",\"dateModified\":\"2017-08-10T12:43:53+00:00\",\"breadcrumb\":{\"@id\":\"https:\/\/secretparisien.com\/portfolio-bureau\/#breadcrumb\"},\"inLanguage\":\"en-GB\",\"potentialAction\":[{\"@type\":\"ReadAction\",\"target\":[\"https:\/\/secretparisien.com\/portfolio-bureau\/\"]}]},{\"@type\":\"ImageObject\",\"inLanguage\":\"en-GB\",\"@id\":\"https:\/\/secretparisien.com\/portfolio-bureau\/#primaryimage\",\"url\":\"https:\/\/secretparisien.com\/wp-content\/uploads\/2017\/07\/demo-content-homepage-Portfolio-Bureau-Uncode.jpg\",\"contentUrl\":\"https:\/\/secretparisien.com\/wp-content\/uploads\/2017\/07\/demo-content-homepage-Portfolio-Bureau-Uncode.jpg\",\"width\":3292,\"height\":2196},{\"@type\":\"BreadcrumbList\",\"@id\":\"https:\/\/secretparisien.com\/portfolio-bureau\/#breadcrumb\",\"itemListElement\":[{\"@type\":\"ListItem\",\"position\":1,\"name\":\"Accueil\",\"item\":\"https:\/\/secretparisien.com\/\"},{\"@type\":\"ListItem\",\"position\":2,\"name\":\"Portfolio B\u00fcreau\"}]},{\"@type\":\"WebSite\",\"@id\":\"https:\/\/secretparisien.com\/en\/#website\",\"url\":\"https:\/\/secretparisien.com\/en\/\",\"name\":\"SECRET PARISIEN\",\"description\":\"Paris magazine\",\"publisher\":{\"@id\":\"https:\/\/secretparisien.com\/en\/#organization\"},\"potentialAction\":[{\"@type\":\"SearchAction\",\"target\":{\"@type\":\"EntryPoint\",\"urlTemplate\":\"https:\/\/secretparisien.com\/en\/?s={search_term_string}\"},\"query-input\":{\"@type\":\"PropertyValueSpecification\",\"valueRequired\":true,\"valueName\":\"search_term_string\"}}],\"inLanguage\":\"en-GB\"},{\"@type\":\"Organization\",\"@id\":\"https:\/\/secretparisien.com\/en\/#organization\",\"name\":\"SECRET PARISIEN\",\"alternateName\":\"PARIS TOURISM\",\"url\":\"https:\/\/secretparisien.com\/en\/\",\"logo\":{\"@type\":\"ImageObject\",\"inLanguage\":\"en-GB\",\"@id\":\"https:\/\/secretparisien.com\/en\/#\/schema\/logo\/image\/\",\"url\":\"https:\/\/secretparisien.com\/wp-content\/uploads\/2014\/12\/secret-parisien-logo.jpg\",\"contentUrl\":\"https:\/\/secretparisien.com\/wp-content\/uploads\/2014\/12\/secret-parisien-logo.jpg\",\"width\":1000,\"height\":1000,\"caption\":\"SECRET PARISIEN\"},\"image\":{\"@id\":\"https:\/\/secretparisien.com\/en\/#\/schema\/logo\/image\/\"},\"sameAs\":[\"https:\/\/www.facebook.com\/secretparisien\/\",\"https:\/\/x.com\/secret_parisien\",\"https:\/\/www.instagram.com\/secretparisien\"]}]}<\/script>\n<!-- \/ Yoast SEO plugin. -->","yoast_head_json":{"title":"Portfolio B\u00fcreau | SECRET PARISIEN","robots":{"index":"index","follow":"follow","max-snippet":"max-snippet:-1","max-image-preview":"max-image-preview:large","max-video-preview":"max-video-preview:-1"},"canonical":"https:\/\/secretparisien.com\/en\/portfolio-bureau\/","og_locale":"en_GB","og_type":"article","og_title":"Portfolio B\u00fcreau | SECRET PARISIEN","og_description":"[vc_row unlock_row_content=&#8221;yes&#8221; row_height_percent=&#8221;0&#8243; override_padding=&#8221;yes&#8221; h_padding=&#8221;3&#8243; top_padding=&#8221;0&#8243; bottom_padding=&#8221;0&#8243; overlay_alpha=&#8221;50&#8243; gutter_size=&#8221;4&#8243; column_width_percent=&#8221;100&#8243; shift_y=&#8221;0&#8243; z_index=&#8221;0&#8243;][vc_column column_width_percent=&#8221;100&#8243; overlay_alpha=&#8221;50&#8243; gutter_size=&#8221;3&#8243; medium_width=&#8221;0&#8243; mobile_width=&#8221;0&#8243; shift_x=&#8221;0&#8243; shift_y=&#8221;-5&#8243; shift_y_down=&#8221;0&#8243; [&hellip;]","og_url":"https:\/\/secretparisien.com\/en\/portfolio-bureau\/","og_site_name":"SECRET PARISIEN","article_publisher":"https:\/\/www.facebook.com\/secretparisien\/","article_modified_time":"2017-08-10T12:43:53+00:00","og_image":[{"width":3292,"height":2196,"url":"https:\/\/secretparisien.com\/wp-content\/uploads\/2017\/07\/demo-content-homepage-Portfolio-Bureau-Uncode.jpg","type":"image\/jpeg"}],"twitter_card":"summary_large_image","twitter_site":"@secret_parisien","twitter_misc":{"Estimated reading time":"5 minutes"},"schema":{"@context":"https:\/\/schema.org","@graph":[{"@type":"WebPage","@id":"https:\/\/secretparisien.com\/portfolio-bureau\/","url":"https:\/\/secretparisien.com\/portfolio-bureau\/","name":"Portfolio B\u00fcreau | SECRET PARISIEN","isPartOf":{"@id":"https:\/\/secretparisien.com\/en\/#website"},"primaryImageOfPage":{"@id":"https:\/\/secretparisien.com\/portfolio-bureau\/#primaryimage"},"image":{"@id":"https:\/\/secretparisien.com\/portfolio-bureau\/#primaryimage"},"thumbnailUrl":"https:\/\/secretparisien.com\/wp-content\/uploads\/2017\/07\/demo-content-homepage-Portfolio-Bureau-Uncode.jpg","datePublished":"2017-05-17T09:00:39+00:00","dateModified":"2017-08-10T12:43:53+00:00","breadcrumb":{"@id":"https:\/\/secretparisien.com\/portfolio-bureau\/#breadcrumb"},"inLanguage":"en-GB","potentialAction":[{"@type":"ReadAction","target":["https:\/\/secretparisien.com\/portfolio-bureau\/"]}]},{"@type":"ImageObject","inLanguage":"en-GB","@id":"https:\/\/secretparisien.com\/portfolio-bureau\/#primaryimage","url":"https:\/\/secretparisien.com\/wp-content\/uploads\/2017\/07\/demo-content-homepage-Portfolio-Bureau-Uncode.jpg","contentUrl":"https:\/\/secretparisien.com\/wp-content\/uploads\/2017\/07\/demo-content-homepage-Portfolio-Bureau-Uncode.jpg","width":3292,"height":2196},{"@type":"BreadcrumbList","@id":"https:\/\/secretparisien.com\/portfolio-bureau\/#breadcrumb","itemListElement":[{"@type":"ListItem","position":1,"name":"Accueil","item":"https:\/\/secretparisien.com\/"},{"@type":"ListItem","position":2,"name":"Portfolio B\u00fcreau"}]},{"@type":"WebSite","@id":"https:\/\/secretparisien.com\/en\/#website","url":"https:\/\/secretparisien.com\/en\/","name":"SECRET PARISIEN","description":"Paris magazine","publisher":{"@id":"https:\/\/secretparisien.com\/en\/#organization"},"potentialAction":[{"@type":"SearchAction","target":{"@type":"EntryPoint","urlTemplate":"https:\/\/secretparisien.com\/en\/?s={search_term_string}"},"query-input":{"@type":"PropertyValueSpecification","valueRequired":true,"valueName":"search_term_string"}}],"inLanguage":"en-GB"},{"@type":"Organization","@id":"https:\/\/secretparisien.com\/en\/#organization","name":"SECRET PARISIEN","alternateName":"PARIS TOURISM","url":"https:\/\/secretparisien.com\/en\/","logo":{"@type":"ImageObject","inLanguage":"en-GB","@id":"https:\/\/secretparisien.com\/en\/#\/schema\/logo\/image\/","url":"https:\/\/secretparisien.com\/wp-content\/uploads\/2014\/12\/secret-parisien-logo.jpg","contentUrl":"https:\/\/secretparisien.com\/wp-content\/uploads\/2014\/12\/secret-parisien-logo.jpg","width":1000,"height":1000,"caption":"SECRET PARISIEN"},"image":{"@id":"https:\/\/secretparisien.com\/en\/#\/schema\/logo\/image\/"},"sameAs":["https:\/\/www.facebook.com\/secretparisien\/","https:\/\/x.com\/secret_parisien","https:\/\/www.instagram.com\/secretparisien"]}]}},"_links":{"self":[{"href":"https:\/\/secretparisien.com\/en\/wp-json\/wp\/v2\/pages\/58945","targetHints":{"allow":["GET"]}}],"collection":[{"href":"https:\/\/secretparisien.com\/en\/wp-json\/wp\/v2\/pages"}],"about":[{"href":"https:\/\/secretparisien.com\/en\/wp-json\/wp\/v2\/types\/page"}],"author":[{"embeddable":true,"href":"https:\/\/secretparisien.com\/en\/wp-json\/wp\/v2\/users\/1"}],"replies":[{"embeddable":true,"href":"https:\/\/secretparisien.com\/en\/wp-json\/wp\/v2\/comments?post=58945"}],"version-history":[{"count":0,"href":"https:\/\/secretparisien.com\/en\/wp-json\/wp\/v2\/pages\/58945\/revisions"}],"wp:featuredmedia":[{"embeddable":true,"href":"https:\/\/secretparisien.com\/en\/wp-json\/wp\/v2\/media\/65084"}],"wp:attachment":[{"href":"https:\/\/secretparisien.com\/en\/wp-json\/wp\/v2\/media?parent=58945"}],"curies":[{"name":"wp","href":"https:\/\/api.w.org\/{rel}","templated":true}]}}