{"id":92638,"date":"2023-12-20T21:29:40","date_gmt":"2023-12-20T20:29:40","guid":{"rendered":"https:\/\/secretparisien.com\/?post_type=product&#038;p=92638"},"modified":"2023-12-20T21:29:41","modified_gmt":"2023-12-20T20:29:41","slug":"paris-chic","status":"publish","type":"product","link":"https:\/\/secretparisien.com\/en\/produit\/paris-chic\/","title":{"rendered":"Paris chic"},"content":{"rendered":"<p style=\"text-align: justify;\"><strong>\u201cParis, Ville de Chic : Un Regard sur la Vie Parisienne\u201d<\/strong><\/p>\n<p style=\"text-align: justify;\">Paris est la ville du chic et en tant que telle, son style inn\u00e9 brille \u00e0 travers la ville, m\u00eame dans les espaces les plus simples. Les bistrots pittoresques, les ruelles pittoresques, les ateliers d\u2019artistes et les personnages uniques sont \u00e9lev\u00e9s au rang de peinture de genre moderne lorsqu\u2019ils sont situ\u00e9s \u00e0 Paris. Des skateurs aux antiquaires, ce volume offre un aper\u00e7u de la vie parisienne, comme si l\u2019on regardait par-dessus le bord du balcon de son propre pied-\u00e0-terre.<\/p>\n<p style=\"text-align: justify;\">En collaboration, l\u2019auteure Alexandra Senes et le photographe Oliver Pilcher ouvrent les portes de certaines des maisons les plus sophistiqu\u00e9es de Paris, partageant un portrait intime de diverses familles. Les moments quotidiens tranquilles de la vie parisienne sont \u00e9ternis\u00e9s \u00e0 travers l\u2019objectif de Pilcher. Les monuments ne font pas une ville ; ce sont les gens qui la font.<\/p>\n<p style=\"text-align: justify;\"><strong>Oliver Pilcher, un photographe mondial. <\/strong>N\u00e9 en \u00c9cosse, Oliver Pilcher a \u00e9tudi\u00e9 la sculpture \u00e0 l\u2019Edinburgh College of Art avant de se lancer dans une carri\u00e8re photographique qui l\u2019a emmen\u00e9 aux quatre coins du monde et lui a donn\u00e9 l\u2019opportunit\u00e9 de travailler pour certaines des plus grandes marques mondiales. Contribuant depuis plus de dix ans \u00e0 Cond\u00e9 Nast Traveler, Oliver partage d\u00e9sormais son temps entre New York et le Costa Rica avec sa femme, Abigail, et leurs quatre enfants, Andalucia, Bianca, Constantina et Herbie.<\/p>\n<p style=\"text-align: justify;\"><strong>Alexandra Senes, une citoyenne du monde. <\/strong>Alexandra Senes se sent chez elle partout dans le monde ; un v\u00e9ritable ast\u00e9ro\u00efde sans d\u00e9calage horaire. Apr\u00e8s avoir pass\u00e9 son enfance dans son S\u00e9n\u00e9gal natal, elle a d\u00e9m\u00e9nag\u00e9 \u00e0 New York puis \u00e0 Paris. Elle a travaill\u00e9 comme journaliste pendant plus de 20 ans, dont 8 en tant que fondatrice et r\u00e9dactrice en chef du magazine Jalouse. En 2015, Senes a commenc\u00e9 son voyage avec Kilometre, une marque qui fait voyager notre imagination vers des lieux lointains et inexplor\u00e9s, avec des chemises et des articles pour la maison orn\u00e9s de broderies \u00e0 la main inspir\u00e9es par des destinations de voyage \u00e9mergentes.<\/p>\n","protected":false},"excerpt":{"rendered":"<p style=\"text-align: justify;\">Paris est la ville du chic, et son style inn\u00e9 brille \u00e0 travers la ville, m\u00eame dans les espaces les plus simples. Les bistrots pittoresques, les ruelles pittoresques, les ateliers d\u2019artistes et les personnages uniques sont \u00e9lev\u00e9s au rang de peinture de genre moderne lorsqu\u2019ils sont situ\u00e9s \u00e0 Paris. Ce volume offre un aper\u00e7u de la vie parisienne, comme si l\u2019on regardait par-dessus le bord du balcon de son propre pied-\u00e0-terre.<\/p>\n","protected":false},"featured_media":92639,"template":"","meta":[],"product_brand":[],"product_cat":[1201],"product_tag":[2230,2231],"class_list":{"0":"post-92638","1":"product","2":"type-product","3":"status-publish","4":"has-post-thumbnail","6":"product_cat-librairie","7":"product_tag-oliver-pilcher","8":"product_tag-alexandra-senes","10":"first","11":"instock","12":"shipping-taxable","13":"product-type-external"},"yoast_head":"<!-- This site is optimized with the Yoast SEO plugin v24.8 - https:\/\/yoast.com\/wordpress\/plugins\/seo\/ -->\n<title>Paris chic | SECRET PARISIEN<\/title>\n<meta name=\"robots\" content=\"index, follow, max-snippet:-1, max-image-preview:large, max-video-preview:-1\" \/>\n<link rel=\"canonical\" href=\"https:\/\/secretparisien.com\/en\/produit\/paris-chic\/\" \/>\n<meta property=\"og:locale\" content=\"en_GB\" \/>\n<meta property=\"og:locale:alternate\" content=\"fr_FR\" \/>\n<meta property=\"og:type\" content=\"article\" \/>\n<meta property=\"og:title\" content=\"Paris chic | SECRET PARISIEN\" \/>\n<meta property=\"og:description\" content=\"Paris est la ville du chic, et son style inn\u00e9 brille \u00e0 travers la ville, m\u00eame dans les espaces les plus simples. Les bistrots pittoresques, les ruelles pittoresques, les ateliers d\u2019artistes et les personnages uniques sont \u00e9lev\u00e9s au rang de peinture de genre moderne lorsqu\u2019ils sont situ\u00e9s \u00e0 Paris. Ce volume offre un aper\u00e7u de la vie parisienne, comme si l\u2019on regardait par-dessus le bord du balcon de son propre pied-\u00e0-terre.\" \/>\n<meta property=\"og:url\" content=\"https:\/\/secretparisien.com\/en\/produit\/paris-chic\/\" \/>\n<meta property=\"og:site_name\" content=\"SECRET PARISIEN\" \/>\n<meta property=\"article:publisher\" content=\"https:\/\/www.facebook.com\/secretparisien\/\" \/>\n<meta property=\"article:modified_time\" content=\"2023-12-20T20:29:41+00:00\" \/>\n<meta property=\"og:image\" content=\"https:\/\/secretparisien.com\/wp-content\/uploads\/2023\/12\/paris-chic-livre.jpg\" \/>\n\t<meta property=\"og:image:width\" content=\"1500\" \/>\n\t<meta property=\"og:image:height\" content=\"1500\" \/>\n\t<meta property=\"og:image:type\" content=\"image\/jpeg\" \/>\n<meta name=\"twitter:card\" content=\"summary_large_image\" \/>\n<meta name=\"twitter:site\" content=\"@secret_parisien\" \/>\n<meta name=\"twitter:label1\" content=\"Estimated reading time\" \/>\n\t<meta name=\"twitter:data1\" content=\"2 minutes\" \/>\n<script type=\"application\/ld+json\" class=\"yoast-schema-graph\">{\"@context\":\"https:\/\/schema.org\",\"@graph\":[{\"@type\":\"WebPage\",\"@id\":\"https:\/\/secretparisien.com\/produit\/paris-chic\/\",\"url\":\"https:\/\/secretparisien.com\/produit\/paris-chic\/\",\"name\":\"Paris chic | SECRET PARISIEN\",\"isPartOf\":{\"@id\":\"https:\/\/secretparisien.com\/en\/#website\"},\"primaryImageOfPage\":{\"@id\":\"https:\/\/secretparisien.com\/produit\/paris-chic\/#primaryimage\"},\"image\":{\"@id\":\"https:\/\/secretparisien.com\/produit\/paris-chic\/#primaryimage\"},\"thumbnailUrl\":\"https:\/\/secretparisien.com\/wp-content\/uploads\/2023\/12\/paris-chic-livre.jpg\",\"datePublished\":\"2023-12-20T20:29:40+00:00\",\"dateModified\":\"2023-12-20T20:29:41+00:00\",\"breadcrumb\":{\"@id\":\"https:\/\/secretparisien.com\/produit\/paris-chic\/#breadcrumb\"},\"inLanguage\":\"en-GB\",\"potentialAction\":[{\"@type\":\"ReadAction\",\"target\":[\"https:\/\/secretparisien.com\/produit\/paris-chic\/\"]}]},{\"@type\":\"ImageObject\",\"inLanguage\":\"en-GB\",\"@id\":\"https:\/\/secretparisien.com\/produit\/paris-chic\/#primaryimage\",\"url\":\"https:\/\/secretparisien.com\/wp-content\/uploads\/2023\/12\/paris-chic-livre.jpg\",\"contentUrl\":\"https:\/\/secretparisien.com\/wp-content\/uploads\/2023\/12\/paris-chic-livre.jpg\",\"width\":1500,\"height\":1500},{\"@type\":\"BreadcrumbList\",\"@id\":\"https:\/\/secretparisien.com\/produit\/paris-chic\/#breadcrumb\",\"itemListElement\":[{\"@type\":\"ListItem\",\"position\":1,\"name\":\"Accueil\",\"item\":\"https:\/\/secretparisien.com\/\"},{\"@type\":\"ListItem\",\"position\":2,\"name\":\"Produits\",\"item\":\"https:\/\/secretparisien.com\/shop\/\"},{\"@type\":\"ListItem\",\"position\":3,\"name\":\"Paris chic\"}]},{\"@type\":\"WebSite\",\"@id\":\"https:\/\/secretparisien.com\/en\/#website\",\"url\":\"https:\/\/secretparisien.com\/en\/\",\"name\":\"SECRET PARISIEN\",\"description\":\"Paris magazine\",\"publisher\":{\"@id\":\"https:\/\/secretparisien.com\/en\/#organization\"},\"potentialAction\":[{\"@type\":\"SearchAction\",\"target\":{\"@type\":\"EntryPoint\",\"urlTemplate\":\"https:\/\/secretparisien.com\/en\/?s={search_term_string}\"},\"query-input\":{\"@type\":\"PropertyValueSpecification\",\"valueRequired\":true,\"valueName\":\"search_term_string\"}}],\"inLanguage\":\"en-GB\"},{\"@type\":\"Organization\",\"@id\":\"https:\/\/secretparisien.com\/en\/#organization\",\"name\":\"SECRET PARISIEN\",\"alternateName\":\"PARIS TOURISM\",\"url\":\"https:\/\/secretparisien.com\/en\/\",\"logo\":{\"@type\":\"ImageObject\",\"inLanguage\":\"en-GB\",\"@id\":\"https:\/\/secretparisien.com\/en\/#\/schema\/logo\/image\/\",\"url\":\"https:\/\/secretparisien.com\/wp-content\/uploads\/2014\/12\/secret-parisien-logo.jpg\",\"contentUrl\":\"https:\/\/secretparisien.com\/wp-content\/uploads\/2014\/12\/secret-parisien-logo.jpg\",\"width\":1000,\"height\":1000,\"caption\":\"SECRET PARISIEN\"},\"image\":{\"@id\":\"https:\/\/secretparisien.com\/en\/#\/schema\/logo\/image\/\"},\"sameAs\":[\"https:\/\/www.facebook.com\/secretparisien\/\",\"https:\/\/x.com\/secret_parisien\",\"https:\/\/www.instagram.com\/secretparisien\"]}]}<\/script>\n<!-- \/ Yoast SEO plugin. -->","yoast_head_json":{"title":"Paris chic | SECRET PARISIEN","robots":{"index":"index","follow":"follow","max-snippet":"max-snippet:-1","max-image-preview":"max-image-preview:large","max-video-preview":"max-video-preview:-1"},"canonical":"https:\/\/secretparisien.com\/en\/produit\/paris-chic\/","og_locale":"en_GB","og_type":"article","og_title":"Paris chic | SECRET PARISIEN","og_description":"Paris est la ville du chic, et son style inn\u00e9 brille \u00e0 travers la ville, m\u00eame dans les espaces les plus simples. Les bistrots pittoresques, les ruelles pittoresques, les ateliers d\u2019artistes et les personnages uniques sont \u00e9lev\u00e9s au rang de peinture de genre moderne lorsqu\u2019ils sont situ\u00e9s \u00e0 Paris. Ce volume offre un aper\u00e7u de la vie parisienne, comme si l\u2019on regardait par-dessus le bord du balcon de son propre pied-\u00e0-terre.","og_url":"https:\/\/secretparisien.com\/en\/produit\/paris-chic\/","og_site_name":"SECRET PARISIEN","article_publisher":"https:\/\/www.facebook.com\/secretparisien\/","article_modified_time":"2023-12-20T20:29:41+00:00","og_image":[{"width":1500,"height":1500,"url":"https:\/\/secretparisien.com\/wp-content\/uploads\/2023\/12\/paris-chic-livre.jpg","type":"image\/jpeg"}],"twitter_card":"summary_large_image","twitter_site":"@secret_parisien","twitter_misc":{"Estimated reading time":"2 minutes"},"schema":{"@context":"https:\/\/schema.org","@graph":[{"@type":"WebPage","@id":"https:\/\/secretparisien.com\/produit\/paris-chic\/","url":"https:\/\/secretparisien.com\/produit\/paris-chic\/","name":"Paris chic | SECRET PARISIEN","isPartOf":{"@id":"https:\/\/secretparisien.com\/en\/#website"},"primaryImageOfPage":{"@id":"https:\/\/secretparisien.com\/produit\/paris-chic\/#primaryimage"},"image":{"@id":"https:\/\/secretparisien.com\/produit\/paris-chic\/#primaryimage"},"thumbnailUrl":"https:\/\/secretparisien.com\/wp-content\/uploads\/2023\/12\/paris-chic-livre.jpg","datePublished":"2023-12-20T20:29:40+00:00","dateModified":"2023-12-20T20:29:41+00:00","breadcrumb":{"@id":"https:\/\/secretparisien.com\/produit\/paris-chic\/#breadcrumb"},"inLanguage":"en-GB","potentialAction":[{"@type":"ReadAction","target":["https:\/\/secretparisien.com\/produit\/paris-chic\/"]}]},{"@type":"ImageObject","inLanguage":"en-GB","@id":"https:\/\/secretparisien.com\/produit\/paris-chic\/#primaryimage","url":"https:\/\/secretparisien.com\/wp-content\/uploads\/2023\/12\/paris-chic-livre.jpg","contentUrl":"https:\/\/secretparisien.com\/wp-content\/uploads\/2023\/12\/paris-chic-livre.jpg","width":1500,"height":1500},{"@type":"BreadcrumbList","@id":"https:\/\/secretparisien.com\/produit\/paris-chic\/#breadcrumb","itemListElement":[{"@type":"ListItem","position":1,"name":"Accueil","item":"https:\/\/secretparisien.com\/"},{"@type":"ListItem","position":2,"name":"Produits","item":"https:\/\/secretparisien.com\/shop\/"},{"@type":"ListItem","position":3,"name":"Paris chic"}]},{"@type":"WebSite","@id":"https:\/\/secretparisien.com\/en\/#website","url":"https:\/\/secretparisien.com\/en\/","name":"SECRET PARISIEN","description":"Paris magazine","publisher":{"@id":"https:\/\/secretparisien.com\/en\/#organization"},"potentialAction":[{"@type":"SearchAction","target":{"@type":"EntryPoint","urlTemplate":"https:\/\/secretparisien.com\/en\/?s={search_term_string}"},"query-input":{"@type":"PropertyValueSpecification","valueRequired":true,"valueName":"search_term_string"}}],"inLanguage":"en-GB"},{"@type":"Organization","@id":"https:\/\/secretparisien.com\/en\/#organization","name":"SECRET PARISIEN","alternateName":"PARIS TOURISM","url":"https:\/\/secretparisien.com\/en\/","logo":{"@type":"ImageObject","inLanguage":"en-GB","@id":"https:\/\/secretparisien.com\/en\/#\/schema\/logo\/image\/","url":"https:\/\/secretparisien.com\/wp-content\/uploads\/2014\/12\/secret-parisien-logo.jpg","contentUrl":"https:\/\/secretparisien.com\/wp-content\/uploads\/2014\/12\/secret-parisien-logo.jpg","width":1000,"height":1000,"caption":"SECRET PARISIEN"},"image":{"@id":"https:\/\/secretparisien.com\/en\/#\/schema\/logo\/image\/"},"sameAs":["https:\/\/www.facebook.com\/secretparisien\/","https:\/\/x.com\/secret_parisien","https:\/\/www.instagram.com\/secretparisien"]}]}},"_links":{"self":[{"href":"https:\/\/secretparisien.com\/en\/wp-json\/wp\/v2\/product\/92638","targetHints":{"allow":["GET"]}}],"collection":[{"href":"https:\/\/secretparisien.com\/en\/wp-json\/wp\/v2\/product"}],"about":[{"href":"https:\/\/secretparisien.com\/en\/wp-json\/wp\/v2\/types\/product"}],"wp:featuredmedia":[{"embeddable":true,"href":"https:\/\/secretparisien.com\/en\/wp-json\/wp\/v2\/media\/92639"}],"wp:attachment":[{"href":"https:\/\/secretparisien.com\/en\/wp-json\/wp\/v2\/media?parent=92638"}],"wp:term":[{"taxonomy":"product_brand","embeddable":true,"href":"https:\/\/secretparisien.com\/en\/wp-json\/wp\/v2\/product_brand?post=92638"},{"taxonomy":"product_cat","embeddable":true,"href":"https:\/\/secretparisien.com\/en\/wp-json\/wp\/v2\/product_cat?post=92638"},{"taxonomy":"product_tag","embeddable":true,"href":"https:\/\/secretparisien.com\/en\/wp-json\/wp\/v2\/product_tag?post=92638"}],"curies":[{"name":"wp","href":"https:\/\/api.w.org\/{rel}","templated":true}]}}